{"id":7687,"date":"2022-06-19T15:03:28","date_gmt":"2022-06-19T15:03:28","guid":{"rendered":"http:\/\/spelnytt.nu\/kontakt-os-2\/"},"modified":"2025-02-27T11:37:16","modified_gmt":"2025-02-27T11:37:16","slug":"kontakt-os-2","status":"publish","type":"page","link":"https:\/\/spelnytt.nu\/da\/kontakt-os-2\/","title":{"rendered":"Kontakt os"},"content":{"rendered":"\t\t<div data-elementor-type=\"wp-page\" data-elementor-id=\"7687\" class=\"elementor elementor-7687 elementor-1856\">\n\t\t\t\t\t\t<section class=\"elementor-section elementor-top-section elementor-element elementor-element-caffc90 elementor-section-boxed elementor-section-height-default elementor-section-height-default\" data-id=\"caffc90\" data-element_type=\"section\">\n\t\t\t\t\t\t<div class=\"elementor-container elementor-column-gap-custom\">\n\t\t\t\t\t<div class=\"elementor-column elementor-col-100 elementor-top-column elementor-element elementor-element-93fc17a\" data-id=\"93fc17a\" data-element_type=\"column\">\n\t\t\t<div class=\"elementor-widget-wrap elementor-element-populated\">\n\t\t\t\t\t\t<div class=\"elementor-element elementor-element-6479713 elementor-widget elementor-widget-heading\" data-id=\"6479713\" data-element_type=\"widget\" data-widget_type=\"heading.default\">\n\t\t\t\t<div class=\"elementor-widget-container\">\n\t\t\t<style>\/*! elementor - v3.22.0 - 26-06-2024 *\/\n.elementor-heading-title{padding:0;margin:0;line-height:1}.elementor-widget-heading .elementor-heading-title[class*=elementor-size-]>a{color:inherit;font-size:inherit;line-height:inherit}.elementor-widget-heading .elementor-heading-title.elementor-size-small{font-size:15px}.elementor-widget-heading .elementor-heading-title.elementor-size-medium{font-size:19px}.elementor-widget-heading .elementor-heading-title.elementor-size-large{font-size:29px}.elementor-widget-heading .elementor-heading-title.elementor-size-xl{font-size:39px}.elementor-widget-heading .elementor-heading-title.elementor-size-xxl{font-size:59px}<\/style><h2 class=\"elementor-heading-title elementor-size-default\">Kom i kontakt med Spelnytt.nu<\/h2>\t\t<\/div>\n\t\t\t\t<\/div>\n\t\t\t\t<div class=\"elementor-element elementor-element-139a109 elementor-widget elementor-widget-image\" data-id=\"139a109\" data-element_type=\"widget\" data-widget_type=\"image.default\">\n\t\t\t\t<div class=\"elementor-widget-container\">\n\t\t\t<style>\/*! elementor - v3.22.0 - 26-06-2024 *\/\n.elementor-widget-image{text-align:center}.elementor-widget-image a{display:inline-block}.elementor-widget-image a img[src$=\".svg\"]{width:48px}.elementor-widget-image img{vertical-align:middle;display:inline-block}<\/style>\t\t\t\t\t\t\t\t\t\t\t<a href=\"https:\/\/www.google.com\/maps\/@40.6315416,-75.3576829,18z\" target=\"_blank\" rel=\"nofollow\">\n\t\t\t\t\t\t\t<img decoding=\"async\" src=\"https:\/\/foxiz.themeruby.com\/default\/wp-content\/uploads\/sites\/2\/2021\/11\/map.png\" title=\"\" alt=\"\" loading=\"lazy\" \/>\t\t\t\t\t\t\t\t<\/a>\n\t\t\t\t\t\t\t\t\t\t\t\t\t<\/div>\n\t\t\t\t<\/div>\n\t\t\t\t\t<\/div>\n\t\t<\/div>\n\t\t\t\t\t<\/div>\n\t\t<\/section>\n\t\t\t\t<section class=\"elementor-section elementor-top-section elementor-element elementor-element-6ba5260 elementor-section-boxed elementor-section-height-default elementor-section-height-default\" data-id=\"6ba5260\" data-element_type=\"section\">\n\t\t\t\t\t\t<div class=\"elementor-container elementor-column-gap-custom\">\n\t\t\t\t\t<div class=\"elementor-column elementor-col-66 elementor-top-column elementor-element elementor-element-ffe814a\" data-id=\"ffe814a\" data-element_type=\"column\">\n\t\t\t<div class=\"elementor-widget-wrap elementor-element-populated\">\n\t\t\t\t\t\t<div class=\"elementor-element elementor-element-03cb732 elementor-widget elementor-widget-text-editor\" data-id=\"03cb732\" data-element_type=\"widget\" data-widget_type=\"text-editor.default\">\n\t\t\t\t<div class=\"elementor-widget-container\">\n\t\t\t<style>\/*! elementor - v3.22.0 - 26-06-2024 *\/\n.elementor-widget-text-editor.elementor-drop-cap-view-stacked .elementor-drop-cap{background-color:#69727d;color:#fff}.elementor-widget-text-editor.elementor-drop-cap-view-framed .elementor-drop-cap{color:#69727d;border:3px solid;background-color:transparent}.elementor-widget-text-editor:not(.elementor-drop-cap-view-default) .elementor-drop-cap{margin-top:8px}.elementor-widget-text-editor:not(.elementor-drop-cap-view-default) .elementor-drop-cap-letter{width:1em;height:1em}.elementor-widget-text-editor .elementor-drop-cap{float:left;text-align:center;line-height:1;font-size:50px}.elementor-widget-text-editor .elementor-drop-cap-letter{display:inline-block}<\/style>\t\t\t\t<p><strong>Vil du vide mere om vores tjenester, har du sp\u00f8rgsm\u00e5l om kasinoer eller v\u00e6ddem\u00e5l, eller vil du dele feedback? Vi er her for at hj\u00e6lpe dig. Kontakt os venligst p\u00e5 en af f\u00f8lgende m\u00e5der, s\u00e5 vender vi tilbage til dig s\u00e5 hurtigt som muligt.<\/strong><\/p>\t\t\t\t\t\t<\/div>\n\t\t\t\t<\/div>\n\t\t\t\t<div class=\"elementor-element elementor-element-225b9fe elementor-widget elementor-widget-html\" data-id=\"225b9fe\" data-element_type=\"widget\" data-widget_type=\"html.default\">\n\t\t\t\t<div class=\"elementor-widget-container\">\n\t\t\t<style>\n  \/* Contact Box Styling *\/\n  .contact-box {\n    max-width: 400px; \/* Limits width for a clean look *\/\n    padding: 20px;\n    background-color: #f8f9fa; \/* Light grey background *\/\n    border-radius: 12px; \/* Smooth edges *\/\n    border: 1px solid #ccc; \/* Subtle border *\/\n    box-shadow: 0px 4px 8px rgba(0, 0, 0, 0.1); \/* Light shadow for depth *\/\n  }\n\n  \/* Contact Title *\/\n  .contact-title {\n    font-size: 22px;\n    font-weight: bold;\n    font-family: \"Arial\", sans-serif;\n    color: #004085; \/* Deep blue *\/\n    margin-bottom: 12px;\n  }\n\n  \/* Contact Buttons *\/\n  .contact-button {\n    font-size: 18px;\n    font-family: \"Arial\", sans-serif;\n    font-weight: bold;\n    color: #ffffff; \/* White text *\/\n    background-color: #004085; \/* Deep blue *\/\n    border: none;\n    border-radius: 8px; \/* Smooth edges *\/\n    padding: 12px 20px; \/* Optimal click area *\/\n    text-decoration: none;\n    display: flex;\n    align-items: center;\n    justify-content: left;\n    transition: all 0.3s ease-in-out;\n    cursor: pointer;\n    box-shadow: 0px 4px 6px rgba(0, 0, 0, 0.1);\n    width: 100%; \/* Full width inside the contact box *\/\n  }\n\n  .contact-button:hover {\n    background-color: #002b5e; \/* Darker blue on hover *\/\n    box-shadow: 0px 6px 10px rgba(0, 0, 0, 0.15);\n  }\n\n  \/* Contact Container *\/\n  .contact-container {\n    display: flex;\n    flex-direction: column;\n    gap: 10px;\n    align-items: flex-start;\n  }\n\n  \/* Email Text *\/\n  .email-text {\n    font-size: 18px;\n    font-family: \"Arial\", sans-serif;\n    font-weight: bold;\n    color: #004085;\n    margin-bottom: 10px;\n    display: block;\n  }\n\n  \/* Button Icons *\/\n  .contact-button i {\n    margin-right: 10px;\n  }\n<\/style>\n\n<script>\n  document.addEventListener(\"DOMContentLoaded\", function() {\n    \/\/ ** Automatically sets the email to match the website\u2019s domain **\n    var emailUser = \"hello\";\n    var emailDomain = window.location.hostname;\n    var emailFull = emailUser + \"@\" + emailDomain;\n\n    \/\/ Show Email as Text (Bot-Protected)\n    var emailText = document.createElement(\"span\");\n    emailText.className = \"email-text\";\n    emailText.innerHTML = \"\ud83d\udce7 \" + emailFull;\n    document.getElementById(\"email-display\").appendChild(emailText);\n\n    \/\/ Email Button\n    var emailLink = document.createElement(\"a\");\n    emailLink.href = \"mailto:\" + emailFull;\n    emailLink.className = \"contact-button\";\n    emailLink.innerHTML = \"\ud83d\udce9 Send Email\";\n    document.getElementById(\"email-button\").appendChild(emailLink);\n\n    \/\/ Skype Button\n    var skypeID = \"live:.cid.d5c381bed0056b6c\";\n    var skypeLink = document.createElement(\"a\");\n    skypeLink.href = \"skype:\" + skypeID + \"?chat\";\n    skypeLink.className = \"contact-button\";\n    skypeLink.innerHTML = \"\ud83d\udcac Chat on Skype\";\n    document.getElementById(\"skype-link\").appendChild(skypeLink);\n\n    \/\/ Telegram Button\n    var telegramLink = document.createElement(\"a\");\n    telegramLink.href = \"https:\/\/t.me\/m\/OEuW4H1OMzY0\";\n    telegramLink.className = \"contact-button\";\n    telegramLink.innerHTML = \"\ud83d\udcf2 Chat on Telegram\";\n    document.getElementById(\"telegram-link\").appendChild(telegramLink);\n  });\n<\/script>\n\n<!-- Contact Box -->\n<div class=\"contact-box\">\n  <div class=\"contact-title\">\ud83d\udcde Contact Us<\/div>\n  <div id=\"email-display\"><\/div> <!-- Email shown dynamically -->\n  <div class=\"contact-container\">\n    <div id=\"email-button\"><\/div>\n    <div id=\"skype-link\"><\/div>\n    <div id=\"telegram-link\"><\/div>\n  <\/div>\n<\/div>\t\t<\/div>\n\t\t\t\t<\/div>\n\t\t\t\t\t<\/div>\n\t\t<\/div>\n\t\t\t\t<div class=\"elementor-column elementor-col-33 elementor-top-column elementor-element elementor-element-75972dc\" data-id=\"75972dc\" data-element_type=\"column\">\n\t\t\t<div class=\"elementor-widget-wrap elementor-element-populated\">\n\t\t\t\t\t\t<div class=\"elementor-element elementor-element-0118af9 elementor-widget elementor-widget-heading\" data-id=\"0118af9\" data-element_type=\"widget\" data-widget_type=\"heading.default\">\n\t\t\t\t<div class=\"elementor-widget-container\">\n\t\t\t<h2 class=\"elementor-heading-title elementor-size-default\">F\u00f8lg vores sociale medier<\/h2>\t\t<\/div>\n\t\t\t\t<\/div>\n\t\t\t\t<div class=\"elementor-element elementor-element-dac63df elementor-widget elementor-widget-wp-widget-widget-follower\" data-id=\"dac63df\" data-element_type=\"widget\" data-widget_type=\"wp-widget-widget-follower.default\">\n\t\t\t\t<div class=\"elementor-widget-container\">\n\t\t\t<div class=\"socials-counter h6 is-style-15 is-gstyle-3 is-icon-color is-h-bg\"><div class=\"social-follower effect-fadeout\"><div class=\"follower-el fb-follower\"><a target=\"_blank\" href=\"https:\/\/facebook.com\/Spelnytt\" class=\"facebook\" aria-label=\"Facebook\" rel=\"noopener nofollow\"><\/a><span class=\"follower-inner\"><span class=\"fnicon\"><i class=\"rbi rbi-facebook\" aria-hidden=\"true\"><\/i><\/span><span class=\"fnlabel\">Facebook<\/span><span class=\"text-count\">Like<\/span><\/span><\/div><div class=\"follower-el twitter-follower\"><a target=\"_blank\" href=\"https:\/\/twitter.com\/Spelnytt\" class=\"twitter\" aria-label=\"Twitter\" rel=\"noopener nofollow\"><\/a><span class=\"follower-inner\"><span class=\"fnicon\"><i class=\"rbi rbi-twitter\" aria-hidden=\"true\"><\/i><\/span><span class=\"fnlabel\">Twitter<\/span><span class=\"text-count\">Follow<\/span><\/span><\/div><div class=\"follower-el pinterest-follower\"><a target=\"_blank\" href=\"https:\/\/pinterest.com\/Spelnytt\" class=\"pinterest\" aria-label=\"Pinterest\" rel=\"noopener nofollow\"><\/a><span class=\"follower-inner\"><span class=\"fnicon\"><i class=\"rbi rbi-pinterest\" aria-hidden=\"true\"><\/i><\/span><span class=\"fnlabel\">Pinterest<\/span><span class=\"text-count\">Pin<\/span><\/span><\/div><div class=\"follower-el instagram-follower\"><a target=\"_blank\" href=\"https:\/\/instagram.com\/Spelnytt\" class=\"instagram\" aria-label=\"Instagram\" rel=\"noopener nofollow\"><\/a><span class=\"follower-inner\"><span class=\"fnicon\"><i class=\"rbi rbi-instagram\" aria-hidden=\"true\"><\/i><\/span><span class=\"fnlabel\">Instagram<\/span><span class=\"text-count\">Follow<\/span><\/span><\/div><\/div><\/div>\t\t<\/div>\n\t\t\t\t<\/div>\n\t\t\t\t\t<\/div>\n\t\t<\/div>\n\t\t\t\t\t<\/div>\n\t\t<\/section>\n\t\t\t\t<\/div>\n\t\t","protected":false},"excerpt":{"rendered":"<p>Kom i kontakt med Spelnytt.nu Vil du vide mere om vores tjenester, har du sp\u00f8rgsm\u00e5l om kasinoer eller v\u00e6ddem\u00e5l, eller vil du dele feedback? Vi er her for at hj\u00e6lpe dig. Kontakt os venligst p\u00e5 en af f\u00f8lgende m\u00e5der, s\u00e5 vender vi tilbage til dig s\u00e5 hurtigt som muligt. \ud83d\udcde Contact Us F\u00f8lg vores sociale [&hellip;]<\/p>\n","protected":false},"author":1,"featured_media":7520,"parent":0,"menu_order":0,"comment_status":"closed","ping_status":"closed","template":"","meta":{"content-type":"","footnotes":""},"class_list":["post-7687","page","type-page","status-publish","has-post-thumbnail"],"aioseo_notices":[],"_links":{"self":[{"href":"https:\/\/spelnytt.nu\/da\/wp-json\/wp\/v2\/pages\/7687","targetHints":{"allow":["GET"]}}],"collection":[{"href":"https:\/\/spelnytt.nu\/da\/wp-json\/wp\/v2\/pages"}],"about":[{"href":"https:\/\/spelnytt.nu\/da\/wp-json\/wp\/v2\/types\/page"}],"author":[{"embeddable":true,"href":"https:\/\/spelnytt.nu\/da\/wp-json\/wp\/v2\/users\/1"}],"replies":[{"embeddable":true,"href":"https:\/\/spelnytt.nu\/da\/wp-json\/wp\/v2\/comments?post=7687"}],"version-history":[{"count":4,"href":"https:\/\/spelnytt.nu\/da\/wp-json\/wp\/v2\/pages\/7687\/revisions"}],"predecessor-version":[{"id":8163,"href":"https:\/\/spelnytt.nu\/da\/wp-json\/wp\/v2\/pages\/7687\/revisions\/8163"}],"wp:featuredmedia":[{"embeddable":true,"href":"https:\/\/spelnytt.nu\/da\/wp-json\/wp\/v2\/media\/7520"}],"wp:attachment":[{"href":"https:\/\/spelnytt.nu\/da\/wp-json\/wp\/v2\/media?parent=7687"}],"curies":[{"name":"wp","href":"https:\/\/api.w.org\/{rel}","templated":true}]}}